{"id":76,"date":"2015-07-23T07:32:51","date_gmt":"2015-07-23T07:32:51","guid":{"rendered":"http:\/\/demo.oceanthemes.net\/archilight\/?page_id=76"},"modified":"2024-06-23T18:44:06","modified_gmt":"2024-06-23T15:44:06","slug":"projelerimiz","status":"publish","type":"page","link":"https:\/\/escem.com.tr\/index.php\/projelerimiz\/","title":{"rendered":"Projelerimiz"},"content":{"rendered":"<div class=\"wpb-content-wrapper\"><p>[vc_row fullwidth=&#8221;yes&#8221;][vc_column]  \n\n\t<!-- Element: OT Portfolio Filter -->\n\t<div class=\"projects-grid-wrapper\">\n\t\t\t\t\t<div class=\"container\">\n\t\t    \t<!-- portfolio filter begin -->\n\t\t\t    <div class=\"row\">\n\t\t\t        <div class=\"col-md-12 text-center\">\n\t\t\t            <ul id=\"filter\" class=\"project_filters wow fadeInUp listed_taxonomy_filters\" data-wow-delay=\"0s\">\n\t\t\t            \t<li><a href=\"#\" data-filter=\"*\" class=\"selected\">T\u00fcm Projelerimiz<\/a><\/li>                    \n\t\t\t                <li class=\"cate_parent\"><a href=\"#\" data-filter=\".category-20\">\u00c7evre<\/a><\/li><li class=\"cate_parent\"><a href=\"#\" data-filter=\".category-21\">Enerji<\/a><\/li><li class=\"cate_parent\"><a href=\"#\" data-filter=\".category-22\">\u0130\u015f Hijyeni<\/a><\/li>                    \n\t\t\t            <\/ul>\n\t\t\t        <\/div>\n\t\t\t    <\/div>\n\t\t    \t<!-- portfolio filter close -->\n\t\t    <\/div>\n\t    \n\t    <div class=\"projects-grid projects-load-ajax overlay_s1  pf_3_cols\" style=\"margin: -0px 0px\">\n\t    \t<div class=\"project-item-sizer\"><\/div>\n\t                     \n\t        <!-- gallery item -->\n\t        <div class=\"project-item category-21 \" style=\"padding:0px\">\n\t        \t<div class=\"projects-box\">\n\t\t\t\t\t<div class=\"projects-thumbnail\">\n\t\t\t\t\t\t<img loading=\"lazy\" decoding=\"async\" width=\"750\" height=\"499\" src=\"https:\/\/escem.com.tr\/wp-content\/uploads\/2015\/07\/Oel-Raffination-750x499.jpg\" class=\"attachment-thumb-portfolio size-thumb-portfolio wp-post-image\" alt=\"\" title=\"Oel Raffination\" \/>\t\t\t\t\t<\/div>\t\t\t\t\t\t\t\n\t\t\t\t\t<a class=\"single-ajax-popup\" href=\"https:\/\/escem.com.tr\/index.php\/portfolio\/duman-yakma-firini\/\">\n\t\t\t\t\t\t<span class=\"project-overlay\">\n\t\t\t\t\t\t\t<span class=\"project-name id-color\">Duman Yakma F\u0131r\u0131n\u0131<\/span>\t\n\t\t\t\t\t\t<\/span>\n\t\t\t\t\t<\/a>\t\n\t\t\t\t<\/div>\n\t        <\/div>        \n\t        <!-- close gallery item -->\n\t                     \n\t        <!-- gallery item -->\n\t        <div class=\"project-item category-20 \" style=\"padding:0px\">\n\t        \t<div class=\"projects-box\">\n\t\t\t\t\t<div class=\"projects-thumbnail\">\n\t\t\t\t\t\t<img loading=\"lazy\" decoding=\"async\" width=\"750\" height=\"499\" src=\"https:\/\/escem.com.tr\/wp-content\/uploads\/2015\/07\/75e6835a-agdata_meteo_detail-scaled-1-750x499.jpg\" class=\"attachment-thumb-portfolio size-thumb-portfolio wp-post-image\" alt=\"\" srcset=\"https:\/\/escem.com.tr\/wp-content\/uploads\/2015\/07\/75e6835a-agdata_meteo_detail-scaled-1-750x499.jpg 750w, https:\/\/escem.com.tr\/wp-content\/uploads\/2015\/07\/75e6835a-agdata_meteo_detail-scaled-1-300x200.jpg 300w, https:\/\/escem.com.tr\/wp-content\/uploads\/2015\/07\/75e6835a-agdata_meteo_detail-scaled-1-1024x683.jpg 1024w, https:\/\/escem.com.tr\/wp-content\/uploads\/2015\/07\/75e6835a-agdata_meteo_detail-scaled-1-768x512.jpg 768w, https:\/\/escem.com.tr\/wp-content\/uploads\/2015\/07\/75e6835a-agdata_meteo_detail-scaled-1-1536x1024.jpg 1536w, https:\/\/escem.com.tr\/wp-content\/uploads\/2015\/07\/75e6835a-agdata_meteo_detail-scaled-1-2048x1366.jpg 2048w\" sizes=\"auto, (max-width: 750px) 100vw, 750px\" title=\"75e6835a-agdata_meteo_detail-scaled\" \/>\t\t\t\t\t<\/div>\t\t\t\t\t\t\t\n\t\t\t\t\t<a class=\"single-ajax-popup\" href=\"https:\/\/escem.com.tr\/index.php\/portfolio\/cevresel-olcum-ve-modelleme\/\">\n\t\t\t\t\t\t<span class=\"project-overlay\">\n\t\t\t\t\t\t\t<span class=\"project-name id-color\">\u00c7evresel \u00d6l\u00e7\u00fcm ve Modelleme<\/span>\t\n\t\t\t\t\t\t<\/span>\n\t\t\t\t\t<\/a>\t\n\t\t\t\t<\/div>\n\t        <\/div>        \n\t        <!-- close gallery item -->\n\t                     \n\t        <!-- gallery item -->\n\t        <div class=\"project-item category-22 \" style=\"padding:0px\">\n\t        \t<div class=\"projects-box\">\n\t\t\t\t\t<div class=\"projects-thumbnail\">\n\t\t\t\t\t\t<img loading=\"lazy\" decoding=\"async\" width=\"750\" height=\"499\" src=\"https:\/\/escem.com.tr\/wp-content\/uploads\/2015\/07\/analysis-750x499.jpg\" class=\"attachment-thumb-portfolio size-thumb-portfolio wp-post-image\" alt=\"\" title=\"analysis\" \/>\t\t\t\t\t<\/div>\t\t\t\t\t\t\t\n\t\t\t\t\t<a class=\"single-ajax-popup\" href=\"https:\/\/escem.com.tr\/index.php\/portfolio\/depo-aydinlatma-olcumu\/\">\n\t\t\t\t\t\t<span class=\"project-overlay\">\n\t\t\t\t\t\t\t<span class=\"project-name id-color\">Depo Ayd\u0131nlatma \u00d6l\u00e7\u00fcm\u00fc<\/span>\t\n\t\t\t\t\t\t<\/span>\n\t\t\t\t\t<\/a>\t\n\t\t\t\t<\/div>\n\t        <\/div>        \n\t        <!-- close gallery item -->\n\t        \t    <\/div>\n\t    \t    \t<\/div>\n[\/vc_column][\/vc_row][vc_row fullwidth=&#8221;yes&#8221; el_class=&#8221;call-to-action bg-color text-center&#8221; css=&#8221;.vc_custom_1442204572844{padding-top: 60px !important;padding-bottom: 60px !important;}&#8221;][vc_column]\t\t\t\n\t<!-- Element: OT Button --> \n\t\t\t<a href=\"https:\/\/escem.com.tr\/index.php\/iletisim\/\" target=\"_self\" class=\"btn btn-line-black btn-big  \">\u0130leti\u015fim<\/a>\n\t    \n[\/vc_column][\/vc_row]<\/p>\n<\/div>","protected":false},"excerpt":{"rendered":"<p>[vc_row fullwidth=&#8221;yes&#8221;][vc_column][\/vc_column][\/vc_row][vc_row fullwidth=&#8221;yes&#8221; el_class=&#8221;call-to-action bg-color text-center&#8221; css=&#8221;.vc_custom_1442204572844{padding-top: 60px !important;padding-bottom: 60px !important;}&#8221;][vc_column][\/vc_column][\/vc_row]<\/p>\n","protected":false},"author":1,"featured_media":0,"parent":0,"menu_order":0,"comment_status":"open","ping_status":"closed","template":"page-templates\/template-fullwidth.php","meta":{"footnotes":""},"class_list":["post-76","page","type-page","status-publish","hentry"],"_links":{"self":[{"href":"https:\/\/escem.com.tr\/index.php\/wp-json\/wp\/v2\/pages\/76","targetHints":{"allow":["GET"]}}],"collection":[{"href":"https:\/\/escem.com.tr\/index.php\/wp-json\/wp\/v2\/pages"}],"about":[{"href":"https:\/\/escem.com.tr\/index.php\/wp-json\/wp\/v2\/types\/page"}],"author":[{"embeddable":true,"href":"https:\/\/escem.com.tr\/index.php\/wp-json\/wp\/v2\/users\/1"}],"replies":[{"embeddable":true,"href":"https:\/\/escem.com.tr\/index.php\/wp-json\/wp\/v2\/comments?post=76"}],"version-history":[{"count":4,"href":"https:\/\/escem.com.tr\/index.php\/wp-json\/wp\/v2\/pages\/76\/revisions"}],"predecessor-version":[{"id":1327,"href":"https:\/\/escem.com.tr\/index.php\/wp-json\/wp\/v2\/pages\/76\/revisions\/1327"}],"wp:attachment":[{"href":"https:\/\/escem.com.tr\/index.php\/wp-json\/wp\/v2\/media?parent=76"}],"curies":[{"name":"wp","href":"https:\/\/api.w.org\/{rel}","templated":true}]}}