{"id":425,"date":"2015-07-29T06:59:39","date_gmt":"2015-07-29T06:59:39","guid":{"rendered":"http:\/\/demo.oceanthemes.net\/archilight\/?page_id=425"},"modified":"2024-08-02T12:57:03","modified_gmt":"2024-08-02T09:57:03","slug":"ana-sayfa","status":"publish","type":"page","link":"https:\/\/escem.com.tr\/","title":{"rendered":"Ana sayfa"},"content":{"rendered":"<div class=\"wpb-content-wrapper\"><p>[vc_row fullwidth=&#8221;yes&#8221; archi_fullheight=&#8221;yes&#8221; el_class=&#8221;text-light&#8221;][vc_column]\t<!-- Element: OT Home HTML5 Video --> \t\n\t<div class=\"de-video-container full-height no-padding\">\n        <div class=\"de-video-content\">\n            <div class=\"text-center\">\n            \t\t                <div class=\"teaser-text\">\n\t                    Yar\u0131n\u0131n do\u011fas\u0131 bug\u00fcnden yarat\u0131l\u0131r.\t                <\/div>\n\t                <div class=\"spacer-single\"><\/div>\n                \n                <div class=\"text-slider border-deco\">\n\t                \t\t\t\t\t \n\t\t\t\t\t\t<div class=\"text-item\">ES\u00c7EM <b>\u00c7evre<\/b><\/div>    \n\t\t\t\t\t\t\t\t\t\t \n\t\t\t\t\t\t<div class=\"text-item\">ES\u00c7EM <b>Enerji<\/b><\/div>    \n\t\t\t\t\t\t\t\t\t\t \n\t\t\t\t\t\t<div class=\"text-item\">ES\u00c7EM <b>\u0130\u015f Hijyeni<\/b><\/div>    \n\t\t\t\t\t\t\t\t\t\t \n\t\t\t\t\t\t<div class=\"text-item\"><b>\u00c7evresel<\/b> \u00d6l\u00e7\u00fcmler ve Analizler<\/div>    \n\t\t\t\t\t\t\t\t\t\t \n\t\t\t\t\t\t<div class=\"text-item\"><b>\u0130leri M\u00fchendislik<\/b> \u00c7\u00f6z\u00fcmleri<\/div>    \n\t\t\t\t\t\t\t\t\t\t \n\t\t\t\t\t\t<div class=\"text-item\"><b>\u0130\u015f Hijyeni<\/b> (Ortam) \u00d6l\u00e7\u00fcmleri<\/div>    \n\t\t\t\t\t  \n                <\/div>\n                <div class=\"spacer-single\"><\/div>\n                <a href=\"https:\/\/escem.com.tr\/index.php\/istiraklerimiz\/\" target=\"_self\" class=\"btn-slider\">\u0130\u015eT\u0130RAKLER\u0130M\u0130Z<\/a>            <\/div>\n        <\/div>\n\n                \t<div class=\"de-video-overlay\"><\/div>\n         \n\n        <!-- load your video here -->\n        <video preload=\"auto\" autoplay=\"\" loop=\"\" muted=\"\" poster=\"https:\/\/escem.com.tr\/wp-content\/uploads\/revslider\/side-navigation-home-slider\/periyodik-kontrol.webp\" playsinline>\n            \t\t\t <source src=\"https:\/\/escem.com.tr\/wp-content\/uploads\/2024\/06\/Esce-website-intro-video.webm\" type=\"video\/webm\">         <\/video>\n    <\/div>\n\n[\/vc_column][\/vc_row][vc_row fullwidth=&#8221;yes&#8221; img_halfrow=&#8221;yes&#8221; img_columns=&#8221;5columns&#8221; img_position=&#8221;imgleft&#8221; css=&#8221;.vc_custom_1719075154117{background-color: #f5f5f5 !important;}&#8221;][vc_column width=&#8221;1\/12&#8243;][\/vc_column][vc_column width=&#8221;10\/12&#8243;][vc_row_inner][vc_column_inner width=&#8221;1\/3&#8243;][vc_single_image image=&#8221;1145&#8243; img_size=&#8221;medium&#8221; onclick=&#8221;custom_link&#8221; css=&#8221;&#8221; link=&#8221;http:\/\/cevre.escem.com.tr\/&#8221;][\/vc_column_inner][vc_column_inner width=&#8221;1\/3&#8243;][vc_single_image image=&#8221;1147&#8243; img_size=&#8221;medium&#8221; onclick=&#8221;custom_link&#8221; css=&#8221;&#8221; link=&#8221;http:\/\/enerji.escem.com.tr\/&#8221;][\/vc_column_inner][vc_column_inner width=&#8221;1\/3&#8243;][vc_single_image image=&#8221;1146&#8243; img_size=&#8221;medium&#8221; onclick=&#8221;custom_link&#8221; css=&#8221;&#8221; link=&#8221;http:\/\/ishijyeni.escem.com.tr\/&#8221;][\/vc_column_inner][\/vc_row_inner][\/vc_column][vc_column width=&#8221;1\/12&#8243;][\/vc_column][\/vc_row][vc_row][vc_column animate=&#8221;fadeinup&#8221;]\n\t<!-- Element: OT Heading --> \t \n\t<h1 class=\"ot_custom_heading  \" style=\"text-align: center;\" >Neler Yap\u0131yoruz<\/h1>\t\n\t<!-- Element: OT Line solid --> \t \n\t<div class=\" separator \"><span><i class=\"fa fa-circle\"><\/i><\/span><\/div>\n\t<div class=\"spacer-single\"><\/div>\t      \n[vc_row_inner][vc_column_inner width=&#8221;1\/3&#8243;][vc_single_image image=&#8221;1177&#8243; img_size=&#8221;300&#215;200&#8243; onclick=&#8221;custom_link&#8221; css=&#8221;&#8221; link=&#8221;https:\/\/escem.com.tr\/index.php\/hizmetler\/#cevresel-olcumler-ve-analizler&#8221;]\n\t<!-- Element: OT Heading --> \t \n\t<h3 class=\"ot_custom_heading  \" style=\"\" ><a href=\"https:\/\/escem.com.tr\/index.php\/hizmetler\/#cevresel-olcumler-ve-analizler\" title=\"\u00c7evresel \u00d6l\u00e7\u00fcmler ve Analizler\" target=\"_self\"><b>\u00c7evresel<\/b> \u00d6l\u00e7\u00fcmler ve Analizler<\/a><\/h3>\t\n[vc_column_text css=&#8221;.vc_custom_1719077050006{margin-bottom: 0px !important;}&#8221;]\u00c7evre kalitesinin de\u011ferlendirilmesinde \u00e7evresel \u00f6l\u00e7\u00fcm ve analiz hizmetlerinden yararlan\u0131lmaktad\u0131r. Bu hizmetler kapsam\u0131nda; hava kalitesi, su kalitesi ve toprak kalitesi gibi \u00e7e\u015fitli \u00e7evresel parametreler de\u011ferlendirmekte ve raporlamaktad\u0131r.[\/vc_column_text][\/vc_column_inner][vc_column_inner width=&#8221;1\/3&#8243;][vc_single_image image=&#8221;1183&#8243; img_size=&#8221;300&#215;200&#8243; onclick=&#8221;custom_link&#8221; css=&#8221;&#8221; link=&#8221;https:\/\/escem.com.tr\/index.php\/hizmetler\/#muhendislik-cozumleri&#8221;]\n\t<!-- Element: OT Heading --> \t \n\t<h3 class=\"ot_custom_heading  \" style=\"\" ><a href=\"https:\/\/escem.com.tr\/index.php\/hizmetler\/#muhendislik-cozumleri\" title=\"\" target=\"_self\"><b>\u0130leri M\u00fchendislik<\/b> \u00c7\u00f6z\u00fcmleri<\/a><\/h3>\t\n[vc_column_text css=&#8221;.vc_custom_1719077582553{margin-bottom: 0px !important;}&#8221;]Sanayi kurulu\u015flar\u0131nda enerjinin verimli kullan\u0131lmas\u0131, enerji maliyetlerinin azalt\u0131lmas\u0131 ve etkili bir enerji y\u00f6netim sistemi kurulmas\u0131na yard\u0131mc\u0131 olmak ve i\u015fletmenizdeki at\u0131k sular\u0131 imalat s\u00fcre\u00e7lerine tekrar kazand\u0131rmak amac\u0131yla hizmetinizdeyiz.[\/vc_column_text][\/vc_column_inner][vc_column_inner width=&#8221;1\/3&#8243;][vc_single_image image=&#8221;1185&#8243; img_size=&#8221;300&#215;200&#8243; onclick=&#8221;custom_link&#8221; css=&#8221;&#8221; link=&#8221;https:\/\/escem.com.tr\/index.php\/hizmetler\/#is-hijyeni-olcum-ve-raporlama&#8221;]\n\t<!-- Element: OT Heading --> \t \n\t<h3 class=\"ot_custom_heading  \" style=\"\" ><a href=\"https:\/\/escem.com.tr\/index.php\/hizmetler\/#is-hijyeni-olcum-ve-raporlama\" title=\"\" target=\"_self\"><b>\u0130\u015f Hijyeni <\/b> (Ortam) \u00d6l\u00e7\u00fcmleri<\/a><\/h3>\t\n[vc_column_text css=&#8221;.vc_custom_1719078078238{margin-bottom: 0px !important;}&#8221;]\u0130\u015fyeri Ortam \u00f6l\u00e7\u00fcmleri (\u0130\u015f Hijyeni Analiz ve \u00d6l\u00e7\u00fcmleri) \u00a0sadece T\u00dcRKAK ve \u00c7SGB taraf\u0131ndan akredite edilmi\u015f firmalar taraf\u0131ndan yap\u0131labilen, ortamdaki etkenlerin yeterlili\u011fini veya fazlal\u0131\u011f\u0131n\u0131 belirlemek i\u00e7in yap\u0131lan \u00f6l\u00e7\u00fcmlerdir.[\/vc_column_text][\/vc_column_inner][\/vc_row_inner][\/vc_column][\/vc_row][vc_row fullwidth=&#8221;yes&#8221; css=&#8221;.vc_custom_1442204079522{padding-top: 60px !important;padding-bottom: 60px !important;}&#8221; el_class=&#8221;call-to-action bg-color text-center&#8221;][vc_column]\t\t\t\n\t<!-- Element: OT Button --> \n\t\t\t<a href=\"https:\/\/escem.com.tr\/index.php\/hizmetler\/\" target=\"_self\" class=\"btn btn-line-black btn-big  \">T\u00fcm Hizmetlerimiz<\/a>\n\t    \n[\/vc_column][\/vc_row][vc_row fullwidth=&#8221;yes&#8221;][vc_column][vc_row_inner][vc_column_inner][vc_empty_space height=&#8221;56px&#8221;][\/vc_column_inner][\/vc_row_inner]\n\t<!-- Element: OT Heading --> \t \n\t<h1 class=\"ot_custom_heading  \" style=\"text-align: center;\" >Projelerimiz<\/h1>\t\n\t<!-- Element: OT Line solid --> \t \n\t<div class=\" separator \"><span><i class=\"fa fa-circle\"><\/i><\/span><\/div>\n\t<div class=\"spacer-single\"><\/div>\t      \n  \n\n\t<!-- Element: OT Portfolio Filter -->\n\t<div class=\"projects-grid-wrapper\">\n\t\t\t\t\t<div class=\"container\">\n\t\t    \t<!-- portfolio filter begin -->\n\t\t\t    <div class=\"row\">\n\t\t\t        <div class=\"col-md-12 text-center\">\n\t\t\t            <ul id=\"filter\" class=\"project_filters wow fadeInUp listed_taxonomy_filters\" data-wow-delay=\"0s\">\n\t\t\t            \t<li><a href=\"#\" data-filter=\"*\" class=\"selected\">T\u00dcM PROJELER<\/a><\/li>                    \n\t\t\t                <li class=\"cate_parent\"><a href=\"#\" data-filter=\".category-20\">\u00c7evre<\/a><\/li><li class=\"cate_parent\"><a href=\"#\" data-filter=\".category-21\">Enerji<\/a><\/li><li class=\"cate_parent\"><a href=\"#\" data-filter=\".category-22\">\u0130\u015f Hijyeni<\/a><\/li>                    \n\t\t\t            <\/ul>\n\t\t\t        <\/div>\n\t\t\t    <\/div>\n\t\t    \t<!-- portfolio filter close -->\n\t\t    <\/div>\n\t    \n\t    <div class=\"projects-grid projects-load-ajax overlay_s1  pf_3_cols\" style=\"margin: -0px 0px\">\n\t    \t<div class=\"project-item-sizer\"><\/div>\n\t                     \n\t        <!-- gallery item -->\n\t        <div class=\"project-item category-21 \" style=\"padding:0px\">\n\t        \t<div class=\"projects-box\">\n\t\t\t\t\t<div class=\"projects-thumbnail\">\n\t\t\t\t\t\t<img loading=\"lazy\" decoding=\"async\" width=\"750\" height=\"499\" src=\"https:\/\/escem.com.tr\/wp-content\/uploads\/2015\/07\/Oel-Raffination-750x499.jpg\" class=\"attachment-thumb-portfolio size-thumb-portfolio wp-post-image\" alt=\"\" title=\"Oel Raffination\" \/>\t\t\t\t\t<\/div>\t\t\t\t\t\t\t\n\t\t\t\t\t<a class=\"single-ajax-popup\" href=\"https:\/\/escem.com.tr\/index.php\/portfolio\/duman-yakma-firini\/\">\n\t\t\t\t\t\t<span class=\"project-overlay\">\n\t\t\t\t\t\t\t<span class=\"project-name id-color\">Duman Yakma F\u0131r\u0131n\u0131<\/span>\t\n\t\t\t\t\t\t<\/span>\n\t\t\t\t\t<\/a>\t\n\t\t\t\t<\/div>\n\t        <\/div>        \n\t        <!-- close gallery item -->\n\t                     \n\t        <!-- gallery item -->\n\t        <div class=\"project-item category-20 \" style=\"padding:0px\">\n\t        \t<div class=\"projects-box\">\n\t\t\t\t\t<div class=\"projects-thumbnail\">\n\t\t\t\t\t\t<img loading=\"lazy\" decoding=\"async\" width=\"750\" height=\"499\" src=\"https:\/\/escem.com.tr\/wp-content\/uploads\/2015\/07\/75e6835a-agdata_meteo_detail-scaled-1-750x499.jpg\" class=\"attachment-thumb-portfolio size-thumb-portfolio wp-post-image\" alt=\"\" srcset=\"https:\/\/escem.com.tr\/wp-content\/uploads\/2015\/07\/75e6835a-agdata_meteo_detail-scaled-1-750x499.jpg 750w, https:\/\/escem.com.tr\/wp-content\/uploads\/2015\/07\/75e6835a-agdata_meteo_detail-scaled-1-300x200.jpg 300w, https:\/\/escem.com.tr\/wp-content\/uploads\/2015\/07\/75e6835a-agdata_meteo_detail-scaled-1-1024x683.jpg 1024w, https:\/\/escem.com.tr\/wp-content\/uploads\/2015\/07\/75e6835a-agdata_meteo_detail-scaled-1-768x512.jpg 768w, https:\/\/escem.com.tr\/wp-content\/uploads\/2015\/07\/75e6835a-agdata_meteo_detail-scaled-1-1536x1024.jpg 1536w, https:\/\/escem.com.tr\/wp-content\/uploads\/2015\/07\/75e6835a-agdata_meteo_detail-scaled-1-2048x1366.jpg 2048w\" sizes=\"auto, (max-width: 750px) 100vw, 750px\" title=\"75e6835a-agdata_meteo_detail-scaled\" \/>\t\t\t\t\t<\/div>\t\t\t\t\t\t\t\n\t\t\t\t\t<a class=\"single-ajax-popup\" href=\"https:\/\/escem.com.tr\/index.php\/portfolio\/cevresel-olcum-ve-modelleme\/\">\n\t\t\t\t\t\t<span class=\"project-overlay\">\n\t\t\t\t\t\t\t<span class=\"project-name id-color\">\u00c7evresel \u00d6l\u00e7\u00fcm ve Modelleme<\/span>\t\n\t\t\t\t\t\t<\/span>\n\t\t\t\t\t<\/a>\t\n\t\t\t\t<\/div>\n\t        <\/div>        \n\t        <!-- close gallery item -->\n\t                     \n\t        <!-- gallery item -->\n\t        <div class=\"project-item category-22 \" style=\"padding:0px\">\n\t        \t<div class=\"projects-box\">\n\t\t\t\t\t<div class=\"projects-thumbnail\">\n\t\t\t\t\t\t<img loading=\"lazy\" decoding=\"async\" width=\"750\" height=\"499\" src=\"https:\/\/escem.com.tr\/wp-content\/uploads\/2015\/07\/analysis-750x499.jpg\" class=\"attachment-thumb-portfolio size-thumb-portfolio wp-post-image\" alt=\"\" title=\"analysis\" \/>\t\t\t\t\t<\/div>\t\t\t\t\t\t\t\n\t\t\t\t\t<a class=\"single-ajax-popup\" href=\"https:\/\/escem.com.tr\/index.php\/portfolio\/depo-aydinlatma-olcumu\/\">\n\t\t\t\t\t\t<span class=\"project-overlay\">\n\t\t\t\t\t\t\t<span class=\"project-name id-color\">Depo Ayd\u0131nlatma \u00d6l\u00e7\u00fcm\u00fc<\/span>\t\n\t\t\t\t\t\t<\/span>\n\t\t\t\t\t<\/a>\t\n\t\t\t\t<\/div>\n\t        <\/div>        \n\t        <!-- close gallery item -->\n\t        \t    <\/div>\n\t    \t    \t<\/div>\n[\/vc_column][\/vc_row][vc_row fullwidth=&#8221;yes&#8221; css=&#8221;.vc_custom_1442204079522{padding-top: 60px !important;padding-bottom: 60px !important;}&#8221; el_class=&#8221;call-to-action bg-color text-center&#8221;][vc_column]\t\t\t\n\t<!-- Element: OT Button --> \n\t\t\t<a href=\"https:\/\/escem.com.tr\/index.php\/projelerimiz\/\" target=\"_self\" class=\"btn btn-line-black btn-big  \">T\u00dcM PROJELER\u0130M\u0130Z<\/a>\n\t    \n[\/vc_column][\/vc_row][vc_row css=&#8221;.vc_custom_1719079120254{background-image: url(https:\/\/escem.com.tr\/wp-content\/uploads\/2024\/06\/customer-reviews-2.webp?id=1193) !important;background-position: center !important;background-repeat: no-repeat !important;background-size: cover !important;}&#8221; el_class=&#8221;text-light bg-fixed&#8221;][vc_column]\n\t<!-- Element: OT Heading --> \t \n\t<h1 class=\"ot_custom_heading  \" style=\"text-align: center;color: #eceff3;\" >De\u011ferli M\u00fc\u015fterilerimizin Yorumlar\u0131<\/h1>\t\n\t<!-- Element: OT Line solid --> \t \n\t<div class=\" separator \"><span><i class=\"fa fa-circle\"><\/i><\/span><\/div>\n\t<div class=\"spacer-single\"><\/div>\t      \n\t<!-- Element: OT Testimonial Silder -->\t\n\t<div class=\"testimonial__carousel de_carousel wow fadeInUp\" data-wow-delay=\".3s\" data-visible=\"2\" data-autoplay=\"false\" data-autoheight=\"false\" data-speed=\"200\" data-navspeed=\"800\" data-rewinspeed=\"1000\">\n\t        <div class=\"col-md-12 item\">\n            <div class=\"de_testi\">\n                <blockquote>\n                    <p>\u00c7iftli\u011fimizdeki biyogaz tesisinde \u00f6l\u00e7\u00fcmler yaparak tesisi yeniden yap\u0131land\u0131rmam\u0131z i\u00e7in bize essiz veriler ve vizyon katt\u0131lar. Daha \u00f6nce \u00f6l\u00e7\u00fcm yapt\u0131rd\u0131\u011f\u0131m\u0131z firmalardan \u00e7ok daha geli\u015fmi\u015f ekipman ve nitelikli personele sahip bir firma.<\/p>\n                    <div class=\"de_testi_by no-margin\">\n\n                    \t\n\t\t\t\t\t\t<div >\n                        \tLeyla ATCILAR, Y. Kurulu Ba\u015fkan\u0131                        <\/div>\n\n                    <\/div>\n                <\/blockquote>\n            <\/div>\n        <\/div>\n                <div class=\"col-md-12 item\">\n            <div class=\"de_testi\">\n                <blockquote>\n                    <p>\u0130\u015finin ehli bir firma. \u00c7evre m\u00fchendisli\u011fi hizmetleri konusunda tecr\u00fcbelerine g\u00fcvenebilirsiniz arkada\u015flar\u0131n.<br \/>\n\u0130\u015fletmemiz i\u00e7in yapt\u0131rd\u0131\u011f\u0131m\u0131z ortam \u00f6l\u00e7\u00fcm\u00fc raporlar\u0131 da gayet ba\u015far\u0131l\u0131 ve detayl\u0131yd\u0131.<\/p>\n                    <div class=\"de_testi_by no-margin\">\n\n                    \t\n\t\t\t\t\t\t<div >\n                        \tH. \u0130brahim \u00d6Z\u015eEN, \u0130\u015f G\u00fcvenli\u011fi Uzman\u0131                        <\/div>\n\n                    <\/div>\n                <\/blockquote>\n            <\/div>\n        <\/div>\n                <div class=\"col-md-12 item\">\n            <div class=\"de_testi\">\n                <blockquote>\n                    <p>Azerbaycan&#8217;da bulunan i\u015fletmemizin \u00e7evresel \u00f6l\u00e7\u00fcmleri konusunda bize \u00e7ok yard\u0131mc\u0131 oldular. Minnettar\u0131z kendilerine.<\/p>\n                    <div class=\"de_testi_by no-margin\">\n\n                    \t\n\t\t\t\t\t\t<div >\n                        \tAhmet OSMANOW, Y\u00f6netici                        <\/div>\n\n                    <\/div>\n                <\/blockquote>\n            <\/div>\n        <\/div>\n                <div class=\"col-md-12 item\">\n            <div class=\"de_testi\">\n                <blockquote>\n                    <p>Fabrikam\u0131z\u0131n modernizasyon s\u00fcrecinde yapt\u0131klar\u0131 \u00f6l\u00e7\u00fcmler ile \u0131s\u0131 geri kazan\u0131m konusunda ufkumuzu a\u00e7t\u0131lar. Ayr\u0131ca at\u0131k sular\u0131m\u0131z\u0131n sisteme kazan\u0131lmas\u0131 konusunda da tecr\u00fcbelerine hayran kald\u0131k.<\/p>\n                    <div class=\"de_testi_by no-margin\">\n\n                    \t\n\t\t\t\t\t\t<div >\n                        \tM. Ya\u015far OKUMU\u015e, \u0130malat Sorumlusu                        <\/div>\n\n                    <\/div>\n                <\/blockquote>\n            <\/div>\n        <\/div>\n            <\/div>\n\n[\/vc_column][\/vc_row]<\/p>\n<\/div>","protected":false},"excerpt":{"rendered":"<p>[vc_row fullwidth=&#8221;yes&#8221; archi_fullheight=&#8221;yes&#8221; el_class=&#8221;text-light&#8221;][vc_column][\/vc_column][\/vc_row][vc_row fullwidth=&#8221;yes&#8221; img_halfrow=&#8221;yes&#8221; img_columns=&#8221;5columns&#8221; img_position=&#8221;imgleft&#8221; css=&#8221;.vc_custom_1719075154117{background-color: #f5f5f5 !important;}&#8221;][vc_column width=&#8221;1\/12&#8243;][\/vc_column][vc_column width=&#8221;10\/12&#8243;][vc_row_inner][vc_column_inner width=&#8221;1\/3&#8243;][vc_single_image image=&#8221;1145&#8243; img_size=&#8221;medium&#8221; onclick=&#8221;custom_link&#8221; css=&#8221;&#8221; link=&#8221;http:\/\/cevre.escem.com.tr\/&#8221;][\/vc_column_inner][vc_column_inner width=&#8221;1\/3&#8243;][vc_single_image image=&#8221;1147&#8243; img_size=&#8221;medium&#8221; onclick=&#8221;custom_link&#8221; css=&#8221;&#8221; link=&#8221;http:\/\/enerji.escem.com.tr\/&#8221;][\/vc_column_inner][vc_column_inner width=&#8221;1\/3&#8243;][vc_single_image image=&#8221;1146&#8243; img_size=&#8221;medium&#8221; onclick=&#8221;custom_link&#8221; css=&#8221;&#8221; link=&#8221;http:\/\/ishijyeni.escem.com.tr\/&#8221;][\/vc_column_inner][\/vc_row_inner][\/vc_column][vc_column width=&#8221;1\/12&#8243;][\/vc_column][\/vc_row][vc_row][vc_column animate=&#8221;fadeinup&#8221;][vc_row_inner][vc_column_inner width=&#8221;1\/3&#8243;][vc_single_image image=&#8221;1177&#8243; img_size=&#8221;300&#215;200&#8243; onclick=&#8221;custom_link&#8221; css=&#8221;&#8221; link=&#8221;https:\/\/escem.com.tr\/index.php\/hizmetler\/#cevresel-olcumler-ve-analizler&#8221;][vc_column_text css=&#8221;.vc_custom_1719077050006{margin-bottom: 0px !important;}&#8221;]\u00c7evre kalitesinin de\u011ferlendirilmesinde \u00e7evresel \u00f6l\u00e7\u00fcm ve analiz hizmetlerinden yararlan\u0131lmaktad\u0131r. Bu hizmetler kapsam\u0131nda; hava kalitesi, [&hellip;]<\/p>\n","protected":false},"author":1,"featured_media":0,"parent":0,"menu_order":0,"comment_status":"open","ping_status":"closed","template":"page-templates\/template-canvas.php","meta":{"footnotes":""},"class_list":["post-425","page","type-page","status-publish","hentry"],"_links":{"self":[{"href":"https:\/\/escem.com.tr\/index.php\/wp-json\/wp\/v2\/pages\/425","targetHints":{"allow":["GET"]}}],"collection":[{"href":"https:\/\/escem.com.tr\/index.php\/wp-json\/wp\/v2\/pages"}],"about":[{"href":"https:\/\/escem.com.tr\/index.php\/wp-json\/wp\/v2\/types\/page"}],"author":[{"embeddable":true,"href":"https:\/\/escem.com.tr\/index.php\/wp-json\/wp\/v2\/users\/1"}],"replies":[{"embeddable":true,"href":"https:\/\/escem.com.tr\/index.php\/wp-json\/wp\/v2\/comments?post=425"}],"version-history":[{"count":87,"href":"https:\/\/escem.com.tr\/index.php\/wp-json\/wp\/v2\/pages\/425\/revisions"}],"predecessor-version":[{"id":1718,"href":"https:\/\/escem.com.tr\/index.php\/wp-json\/wp\/v2\/pages\/425\/revisions\/1718"}],"wp:attachment":[{"href":"https:\/\/escem.com.tr\/index.php\/wp-json\/wp\/v2\/media?parent=425"}],"curies":[{"name":"wp","href":"https:\/\/api.w.org\/{rel}","templated":true}]}}